{"id":11133,"date":"2022-05-11T13:55:46","date_gmt":"2022-05-11T11:55:46","guid":{"rendered":"https:\/\/www.klubluc.sk\/residence-with-us\/"},"modified":"2022-05-11T13:55:46","modified_gmt":"2022-05-11T11:55:46","slug":"residence-with-us","status":"publish","type":"page","link":"https:\/\/www.klubluc.sk\/en\/residence-with-us\/","title":{"rendered":"Residence with us"},"content":{"rendered":"<p><strong>Open reziCall &#8211; European Capital of Culture 2026 Summer Residency.<\/strong><\/p>\n<p>Club Beam &#8211; Open Cultural Space is launching an Open Call for collectives or individuals who are looking for a suitable space to create an artwork during the summer holidays 2022, i.e. in the period July &#8211; August 2022. The call is open to theatre artists, dancers, performers, visual artists, etc. whether individuals or collectives with one-off or longer-term projects.<\/p>\n<p>The premises of Club L\u00fa\u010d are located in the city centre at Mierov\u00e9 n\u00e1m. 19 in Tren\u010d\u00edn. The hall with a stage has dimensions of about 130m2, is air-conditioned with recuperation, can be darkened, so that the so-called. black box, it is equipped with light and sound equipment (list can be found <strong><a href=\"https:\/\/www.klubluc.sk\/en\/club-beam\/technical-equipment\/\" target=\"_blank\" rel=\"noopener\">HERE<\/a><\/strong>) and upon agreement it is also possible to use the balletizol dance floor (6x6m, black\/white). There is a kitchenette with an espresso machine, fridge and microwave.<\/p>\n<p><strong>The call is open until 20.6. 2022.<\/strong><\/p>\n<p>If you are interested in the residency, please email : <a href=\"mailto:patrik@klubluc.sk\">patrik@klubluc.sk<\/a><\/p>\n<p>Please provide the following information:<br \/>\n<strong>Name of the artist\/collective:<\/strong><br \/>\n<strong>Artist \/ collective portfolio:<\/strong><br \/>\n<strong>Brief description of the project:<\/strong><br \/>\n<strong>Preliminary proposal for the residency dates:<\/strong><br \/>\n<strong>Contact details (e-mail, mobile):<\/strong><\/p>\n<p>Thank you and we look forward to meeting you and working with you.<\/p>\n<p>&nbsp;<\/p>\n<p><strong>Space layout<\/strong><\/p>\n<p>&nbsp;<\/p>\n<p><img decoding=\"async\" class=\"alignnone wp-image-7689 size-full\" src=\"https:\/\/www.klubluc.sk\/wp-content\/uploads\/2022\/05\/Klub-LUC_dispozicie_2022_rezidencia.jpg\" alt=\"\" width=\"700\" height=\"700\" srcset=\"https:\/\/www.klubluc.sk\/wp-content\/uploads\/2022\/05\/Klub-LUC_dispozicie_2022_rezidencia.jpg 700w, https:\/\/www.klubluc.sk\/wp-content\/uploads\/2022\/05\/Klub-LUC_dispozicie_2022_rezidencia-300x300.jpg 300w, https:\/\/www.klubluc.sk\/wp-content\/uploads\/2022\/05\/Klub-LUC_dispozicie_2022_rezidencia-100x100.jpg 100w, https:\/\/www.klubluc.sk\/wp-content\/uploads\/2022\/05\/Klub-LUC_dispozicie_2022_rezidencia-600x600.jpg 600w, https:\/\/www.klubluc.sk\/wp-content\/uploads\/2022\/05\/Klub-LUC_dispozicie_2022_rezidencia-150x150.jpg 150w\" sizes=\"(max-width: 700px) 100vw, 700px\" \/><\/p>\n<p><strong>Hall<\/strong><\/p>\n<p><img decoding=\"async\" class=\"alignnone wp-image-7690 size-large\" src=\"https:\/\/www.klubluc.sk\/wp-content\/uploads\/2022\/05\/Klub-LUC-2022-sala_web_01-1024x683.jpg\" alt=\"\" width=\"840\" height=\"560\" srcset=\"https:\/\/www.klubluc.sk\/wp-content\/uploads\/2022\/05\/Klub-LUC-2022-sala_web_01-1024x683.jpg 1024w, https:\/\/www.klubluc.sk\/wp-content\/uploads\/2022\/05\/Klub-LUC-2022-sala_web_01-600x400.jpg 600w, https:\/\/www.klubluc.sk\/wp-content\/uploads\/2022\/05\/Klub-LUC-2022-sala_web_01-300x200.jpg 300w, https:\/\/www.klubluc.sk\/wp-content\/uploads\/2022\/05\/Klub-LUC-2022-sala_web_01-768x512.jpg 768w, https:\/\/www.klubluc.sk\/wp-content\/uploads\/2022\/05\/Klub-LUC-2022-sala_web_01-391x260.jpg 391w, https:\/\/www.klubluc.sk\/wp-content\/uploads\/2022\/05\/Klub-LUC-2022-sala_web_01.jpg 1200w\" sizes=\"(max-width: 840px) 100vw, 840px\" \/><\/p>\n<p><strong>View from the square<\/strong><\/p>\n<p>&nbsp;<\/p>\n<p><img decoding=\"async\" class=\"alignnone wp-image-7686 size-large\" src=\"https:\/\/www.klubluc.sk\/wp-content\/uploads\/2022\/05\/Klub-LUC_2022_outdoor_01-1024x683.jpg\" alt=\"\" width=\"840\" height=\"560\" srcset=\"https:\/\/www.klubluc.sk\/wp-content\/uploads\/2022\/05\/Klub-LUC_2022_outdoor_01-1024x683.jpg 1024w, https:\/\/www.klubluc.sk\/wp-content\/uploads\/2022\/05\/Klub-LUC_2022_outdoor_01-600x400.jpg 600w, https:\/\/www.klubluc.sk\/wp-content\/uploads\/2022\/05\/Klub-LUC_2022_outdoor_01-300x200.jpg 300w, https:\/\/www.klubluc.sk\/wp-content\/uploads\/2022\/05\/Klub-LUC_2022_outdoor_01-768x512.jpg 768w, https:\/\/www.klubluc.sk\/wp-content\/uploads\/2022\/05\/Klub-LUC_2022_outdoor_01-391x260.jpg 391w, https:\/\/www.klubluc.sk\/wp-content\/uploads\/2022\/05\/Klub-LUC_2022_outdoor_01.jpg 1200w\" sizes=\"(max-width: 840px) 100vw, 840px\" \/><\/p>\n<p><img decoding=\"async\" class=\"alignnone wp-image-7687 size-large\" src=\"https:\/\/www.klubluc.sk\/wp-content\/uploads\/2022\/05\/Klub-LUC_2022_outdoor_03-1024x683.jpg\" alt=\"\" width=\"840\" height=\"560\" srcset=\"https:\/\/www.klubluc.sk\/wp-content\/uploads\/2022\/05\/Klub-LUC_2022_outdoor_03-1024x683.jpg 1024w, https:\/\/www.klubluc.sk\/wp-content\/uploads\/2022\/05\/Klub-LUC_2022_outdoor_03-600x400.jpg 600w, https:\/\/www.klubluc.sk\/wp-content\/uploads\/2022\/05\/Klub-LUC_2022_outdoor_03-300x200.jpg 300w, https:\/\/www.klubluc.sk\/wp-content\/uploads\/2022\/05\/Klub-LUC_2022_outdoor_03-768x512.jpg 768w, https:\/\/www.klubluc.sk\/wp-content\/uploads\/2022\/05\/Klub-LUC_2022_outdoor_03-391x260.jpg 391w, https:\/\/www.klubluc.sk\/wp-content\/uploads\/2022\/05\/Klub-LUC_2022_outdoor_03.jpg 1200w\" sizes=\"(max-width: 840px) 100vw, 840px\" \/><\/p>\n<p><strong>View from the window<\/strong><\/p>\n<p><img decoding=\"async\" class=\"alignnone wp-image-7688 size-large\" src=\"https:\/\/www.klubluc.sk\/wp-content\/uploads\/2022\/05\/Klub-LUC_2022_pohlad-z-okna_01-1024x683.jpg\" alt=\"\" width=\"840\" height=\"560\" srcset=\"https:\/\/www.klubluc.sk\/wp-content\/uploads\/2022\/05\/Klub-LUC_2022_pohlad-z-okna_01-1024x683.jpg 1024w, https:\/\/www.klubluc.sk\/wp-content\/uploads\/2022\/05\/Klub-LUC_2022_pohlad-z-okna_01-600x400.jpg 600w, https:\/\/www.klubluc.sk\/wp-content\/uploads\/2022\/05\/Klub-LUC_2022_pohlad-z-okna_01-300x200.jpg 300w, https:\/\/www.klubluc.sk\/wp-content\/uploads\/2022\/05\/Klub-LUC_2022_pohlad-z-okna_01-768x512.jpg 768w, https:\/\/www.klubluc.sk\/wp-content\/uploads\/2022\/05\/Klub-LUC_2022_pohlad-z-okna_01-391x260.jpg 391w, https:\/\/www.klubluc.sk\/wp-content\/uploads\/2022\/05\/Klub-LUC_2022_pohlad-z-okna_01.jpg 1200w\" sizes=\"(max-width: 840px) 100vw, 840px\" \/><\/p>\n","protected":false},"excerpt":{"rendered":"<p>Open reziCall &#8211; European Capital of Culture 2026 Summer Residency. Club Beam &#8211; Open Cultural Space is launching an Open [&hellip;]<\/p>\n","protected":false},"author":3,"featured_media":0,"parent":0,"menu_order":0,"comment_status":"closed","ping_status":"closed","template":"","meta":{"_acf_changed":false,"footnotes":""},"class_list":["post-11133","page","type-page","status-publish","hentry"],"acf":[],"_links":{"self":[{"href":"https:\/\/www.klubluc.sk\/en\/wp-json\/wp\/v2\/pages\/11133","targetHints":{"allow":["GET"]}}],"collection":[{"href":"https:\/\/www.klubluc.sk\/en\/wp-json\/wp\/v2\/pages"}],"about":[{"href":"https:\/\/www.klubluc.sk\/en\/wp-json\/wp\/v2\/types\/page"}],"author":[{"embeddable":true,"href":"https:\/\/www.klubluc.sk\/en\/wp-json\/wp\/v2\/users\/3"}],"replies":[{"embeddable":true,"href":"https:\/\/www.klubluc.sk\/en\/wp-json\/wp\/v2\/comments?post=11133"}],"version-history":[{"count":0,"href":"https:\/\/www.klubluc.sk\/en\/wp-json\/wp\/v2\/pages\/11133\/revisions"}],"wp:attachment":[{"href":"https:\/\/www.klubluc.sk\/en\/wp-json\/wp\/v2\/media?parent=11133"}],"curies":[{"name":"wp","href":"https:\/\/api.w.org\/{rel}","templated":true}]}}