{"id":11128,"date":"2022-12-28T23:36:48","date_gmt":"2022-12-28T22:36:48","guid":{"rendered":"https:\/\/www.klubluc.sk\/theatre\/drama-studio-company\/"},"modified":"2025-06-02T22:53:24","modified_gmt":"2025-06-02T20:53:24","slug":"drama-studio-company","status":"publish","type":"page","link":"https:\/\/www.klubluc.sk\/en\/theatre\/drama-studio-company\/","title":{"rendered":"Drama Studio Company"},"content":{"rendered":"<div class=\"wpb-content-wrapper\"><p>[vc_row][vc_column width=&#8221;1\/1&#8243;][vc_column_text uncode_shortcode_id=&#8221;123623&#8243;]<strong><a href=\"https:\/\/zije.klubluc.sk\/divadlo\/\">Theatre<\/a><\/strong> &gt; Dru\u017eba Drama Studio[\/vc_column_text][\/vc_column][\/vc_row][vc_row][vc_column width=&#8221;1\/3&#8243;][vc_column_text uncode_shortcode_id=&#8221;109139&#8243;]<img decoding=\"async\" class=\"alignnone size-medium wp-image-8106\" src=\"https:\/\/www.klubluc.sk\/wp-content\/uploads\/2023\/01\/DDS_logo_web-300x100.png\" alt=\"\" width=\"300\" height=\"100\" srcset=\"https:\/\/www.klubluc.sk\/wp-content\/uploads\/2023\/01\/DDS_logo_web-300x100.png 300w, https:\/\/www.klubluc.sk\/wp-content\/uploads\/2023\/01\/DDS_logo_web-350x117.png 350w, https:\/\/www.klubluc.sk\/wp-content\/uploads\/2023\/01\/DDS_logo_web.png 390w\" sizes=\"(max-width: 300px) 100vw, 300px\" \/>[\/vc_column_text][\/vc_column][vc_column width=&#8221;2\/3&#8243;][vc_column_text uncode_shortcode_id=&#8221;124548&#8243;]<strong>Dru\u017eba Drama Studio<\/strong> is a space for live art, presenting contemporary artistic work and unique original projects by Slovak and international artists and performers. In Dru\u017eba Drama Studio we have the ambition to bring together the creative journeys of theatre artists, dancers, filmmakers, photographers, musicians and visual artists. It is a unique theatre, studio and studio-type space in Trencin with a capacity of 60-100 spectators, depending on the layout and layout possibilities. Dru\u017eba Drama Studio has professional <a href=\"https:\/\/kkp.kolomaz.sk\/technicke-vybavenie\/\" target=\"_blank\" rel=\"noopener\">sound, lighting and audiovisual equipment<\/a>.<br \/>\nIf you are interested in renting or touring Dru\u017eba Drama Studio, please email us at <strong>info@klubluc.sk<\/strong>   <\/p>\n<p><strong>Residency at Dru\u017eba Drama Studio<\/strong><br \/>\nWe also offer artists unique creative sub-tenancies for the creation of new projects. We provide high quality technical and production facilities, but above all ample time for continuous rehearsal and exploration of artistic form in the form of block residencies. If you are interested, please write to <strong>info@klubluc.sk<\/strong>  <\/p>\n<p>The floor plan of Dru\u017eba Drama Studio can be found <strong><a href=\"https:\/\/www.klubluc.sk\/wp-content\/uploads\/2024\/06\/DruzbaDramaStudio_podorys_2024-scaled.jpg\" target=\"_blank\" rel=\"noopener\">HERE<\/a> <\/strong> <\/p>\n<p>Address: OD Dru\u017eba, Soblahovsk\u00e1 1508, 911 01 Tren\u010d\u00edn, 1st floor next to the library and the kindergarten. <\/p>\n<p>Media responses:<br \/>\n<a href=\"https:\/\/terajsok.sk\/2023\/01\/03\/druzba-drama-studio\/\" target=\"_blank\" rel=\"noopener\">https:\/\/terajsok.sk\/2023\/01\/03\/druzba-drama-studio\/<\/a>[\/vc_column_text][\/vc_column][\/vc_row][vc_row][vc_column width=&#8221;1\/1&#8243;][vc_column_text uncode_shortcode_id=&#8221;188926&#8243;]<iframe title=\"YouTube video player\" src=\"https:\/\/www.youtube.com\/embed\/dmItgaHmi5A\" width=\"560\" height=\"315\" frameborder=\"0\" allowfullscreen=\"allowfullscreen\"><\/iframe>[\/vc_column_text][\/vc_column][\/vc_row][vc_row][vc_column width=&#8221;1\/2&#8243;][vc_column_text uncode_shortcode_id=&#8221;124847&#8243;]<img decoding=\"async\" class=\"alignnone wp-image-7985 size-large\" src=\"https:\/\/www.klubluc.sk\/wp-content\/uploads\/2022\/12\/20221219_DRUZBA_011w-1024x683.jpg\" alt=\"\" width=\"840\" height=\"560\" srcset=\"https:\/\/www.klubluc.sk\/wp-content\/uploads\/2022\/12\/20221219_DRUZBA_011w-1024x683.jpg 1024w, https:\/\/www.klubluc.sk\/wp-content\/uploads\/2022\/12\/20221219_DRUZBA_011w-600x400.jpg 600w, https:\/\/www.klubluc.sk\/wp-content\/uploads\/2022\/12\/20221219_DRUZBA_011w-300x200.jpg 300w, https:\/\/www.klubluc.sk\/wp-content\/uploads\/2022\/12\/20221219_DRUZBA_011w-768x512.jpg 768w, https:\/\/www.klubluc.sk\/wp-content\/uploads\/2022\/12\/20221219_DRUZBA_011w-391x260.jpg 391w, https:\/\/www.klubluc.sk\/wp-content\/uploads\/2022\/12\/20221219_DRUZBA_011w-1536x1025.jpg 1536w, https:\/\/www.klubluc.sk\/wp-content\/uploads\/2022\/12\/20221219_DRUZBA_011w-350x233.jpg 350w, https:\/\/www.klubluc.sk\/wp-content\/uploads\/2022\/12\/20221219_DRUZBA_011w.jpg 2000w\" sizes=\"(max-width: 840px) 100vw, 840px\" \/>[\/vc_column_text][\/vc_column][vc_column width=&#8221;1\/2&#8243;][vc_column_text uncode_shortcode_id=&#8221;115209&#8243;]<img decoding=\"async\" class=\"alignnone wp-image-7988 size-large\" src=\"https:\/\/www.klubluc.sk\/wp-content\/uploads\/2022\/12\/20221219_DRUZBA_008w-1024x683.jpg\" alt=\"\" width=\"840\" height=\"560\" srcset=\"https:\/\/www.klubluc.sk\/wp-content\/uploads\/2022\/12\/20221219_DRUZBA_008w-1024x683.jpg 1024w, https:\/\/www.klubluc.sk\/wp-content\/uploads\/2022\/12\/20221219_DRUZBA_008w-600x400.jpg 600w, https:\/\/www.klubluc.sk\/wp-content\/uploads\/2022\/12\/20221219_DRUZBA_008w-300x200.jpg 300w, https:\/\/www.klubluc.sk\/wp-content\/uploads\/2022\/12\/20221219_DRUZBA_008w-768x512.jpg 768w, https:\/\/www.klubluc.sk\/wp-content\/uploads\/2022\/12\/20221219_DRUZBA_008w-391x260.jpg 391w, https:\/\/www.klubluc.sk\/wp-content\/uploads\/2022\/12\/20221219_DRUZBA_008w-1536x1025.jpg 1536w, https:\/\/www.klubluc.sk\/wp-content\/uploads\/2022\/12\/20221219_DRUZBA_008w-350x233.jpg 350w, https:\/\/www.klubluc.sk\/wp-content\/uploads\/2022\/12\/20221219_DRUZBA_008w.jpg 2000w\" sizes=\"(max-width: 840px) 100vw, 840px\" \/>[\/vc_column_text][\/vc_column][\/vc_row][vc_row][vc_column width=&#8221;1\/2&#8243;][vc_column_text uncode_shortcode_id=&#8221;153080&#8243;]<img decoding=\"async\" class=\"alignnone wp-image-7992 size-large\" src=\"https:\/\/www.klubluc.sk\/wp-content\/uploads\/2022\/12\/20221219_DRUZBA_038w-1024x683.jpg\" alt=\"\" width=\"840\" height=\"560\" srcset=\"https:\/\/www.klubluc.sk\/wp-content\/uploads\/2022\/12\/20221219_DRUZBA_038w-1024x683.jpg 1024w, https:\/\/www.klubluc.sk\/wp-content\/uploads\/2022\/12\/20221219_DRUZBA_038w-600x400.jpg 600w, https:\/\/www.klubluc.sk\/wp-content\/uploads\/2022\/12\/20221219_DRUZBA_038w-300x200.jpg 300w, https:\/\/www.klubluc.sk\/wp-content\/uploads\/2022\/12\/20221219_DRUZBA_038w-768x512.jpg 768w, https:\/\/www.klubluc.sk\/wp-content\/uploads\/2022\/12\/20221219_DRUZBA_038w-391x260.jpg 391w, https:\/\/www.klubluc.sk\/wp-content\/uploads\/2022\/12\/20221219_DRUZBA_038w-1536x1025.jpg 1536w, https:\/\/www.klubluc.sk\/wp-content\/uploads\/2022\/12\/20221219_DRUZBA_038w-350x233.jpg 350w, https:\/\/www.klubluc.sk\/wp-content\/uploads\/2022\/12\/20221219_DRUZBA_038w.jpg 2000w\" sizes=\"(max-width: 840px) 100vw, 840px\" \/>[\/vc_column_text][\/vc_column][vc_column width=&#8221;1\/2&#8243;][vc_column_text uncode_shortcode_id=&#8221;150930&#8243;]<img decoding=\"async\" class=\"alignnone wp-image-7993 size-large\" src=\"https:\/\/www.klubluc.sk\/wp-content\/uploads\/2022\/12\/20221219_DRUZBA_039w-1024x683.jpg\" alt=\"\" width=\"840\" height=\"560\" srcset=\"https:\/\/www.klubluc.sk\/wp-content\/uploads\/2022\/12\/20221219_DRUZBA_039w-1024x683.jpg 1024w, https:\/\/www.klubluc.sk\/wp-content\/uploads\/2022\/12\/20221219_DRUZBA_039w-600x400.jpg 600w, https:\/\/www.klubluc.sk\/wp-content\/uploads\/2022\/12\/20221219_DRUZBA_039w-300x200.jpg 300w, https:\/\/www.klubluc.sk\/wp-content\/uploads\/2022\/12\/20221219_DRUZBA_039w-768x512.jpg 768w, https:\/\/www.klubluc.sk\/wp-content\/uploads\/2022\/12\/20221219_DRUZBA_039w-391x260.jpg 391w, https:\/\/www.klubluc.sk\/wp-content\/uploads\/2022\/12\/20221219_DRUZBA_039w-1536x1025.jpg 1536w, https:\/\/www.klubluc.sk\/wp-content\/uploads\/2022\/12\/20221219_DRUZBA_039w-350x233.jpg 350w, https:\/\/www.klubluc.sk\/wp-content\/uploads\/2022\/12\/20221219_DRUZBA_039w.jpg 2000w\" sizes=\"(max-width: 840px) 100vw, 840px\" \/>[\/vc_column_text][\/vc_column][\/vc_row][vc_row][vc_column width=&#8221;1\/2&#8243;][vc_column_text uncode_shortcode_id=&#8221;109924&#8243;]<img decoding=\"async\" class=\"alignnone wp-image-7989 size-large\" src=\"https:\/\/www.klubluc.sk\/wp-content\/uploads\/2022\/12\/20221219_DRUZBA_025w-1024x683.jpg\" alt=\"\" width=\"840\" height=\"560\" srcset=\"https:\/\/www.klubluc.sk\/wp-content\/uploads\/2022\/12\/20221219_DRUZBA_025w-1024x683.jpg 1024w, https:\/\/www.klubluc.sk\/wp-content\/uploads\/2022\/12\/20221219_DRUZBA_025w-600x400.jpg 600w, https:\/\/www.klubluc.sk\/wp-content\/uploads\/2022\/12\/20221219_DRUZBA_025w-300x200.jpg 300w, https:\/\/www.klubluc.sk\/wp-content\/uploads\/2022\/12\/20221219_DRUZBA_025w-768x512.jpg 768w, https:\/\/www.klubluc.sk\/wp-content\/uploads\/2022\/12\/20221219_DRUZBA_025w-391x260.jpg 391w, https:\/\/www.klubluc.sk\/wp-content\/uploads\/2022\/12\/20221219_DRUZBA_025w-1536x1025.jpg 1536w, https:\/\/www.klubluc.sk\/wp-content\/uploads\/2022\/12\/20221219_DRUZBA_025w-350x233.jpg 350w, https:\/\/www.klubluc.sk\/wp-content\/uploads\/2022\/12\/20221219_DRUZBA_025w.jpg 2000w\" sizes=\"(max-width: 840px) 100vw, 840px\" \/>[\/vc_column_text][\/vc_column][vc_column width=&#8221;1\/2&#8243;][vc_column_text uncode_shortcode_id=&#8221;520688&#8243;]<img decoding=\"async\" class=\"alignnone wp-image-7990 size-large\" src=\"https:\/\/www.klubluc.sk\/wp-content\/uploads\/2022\/12\/20221219_DRUZBA_028w-1024x683.jpg\" alt=\"\" width=\"840\" height=\"560\" srcset=\"https:\/\/www.klubluc.sk\/wp-content\/uploads\/2022\/12\/20221219_DRUZBA_028w-1024x683.jpg 1024w, https:\/\/www.klubluc.sk\/wp-content\/uploads\/2022\/12\/20221219_DRUZBA_028w-600x400.jpg 600w, https:\/\/www.klubluc.sk\/wp-content\/uploads\/2022\/12\/20221219_DRUZBA_028w-300x200.jpg 300w, https:\/\/www.klubluc.sk\/wp-content\/uploads\/2022\/12\/20221219_DRUZBA_028w-768x512.jpg 768w, https:\/\/www.klubluc.sk\/wp-content\/uploads\/2022\/12\/20221219_DRUZBA_028w-391x260.jpg 391w, https:\/\/www.klubluc.sk\/wp-content\/uploads\/2022\/12\/20221219_DRUZBA_028w-1536x1025.jpg 1536w, https:\/\/www.klubluc.sk\/wp-content\/uploads\/2022\/12\/20221219_DRUZBA_028w-350x233.jpg 350w, https:\/\/www.klubluc.sk\/wp-content\/uploads\/2022\/12\/20221219_DRUZBA_028w.jpg 2000w\" sizes=\"(max-width: 840px) 100vw, 840px\" \/>[\/vc_column_text][\/vc_column][\/vc_row][vc_row][vc_column width=&#8221;1\/2&#8243;][vc_column_text uncode_shortcode_id=&#8221;199639&#8243;]<img decoding=\"async\" class=\"alignnone wp-image-9067 size-large\" src=\"https:\/\/www.klubluc.sk\/wp-content\/uploads\/2024\/03\/poster_DDS_A2_2024_04_Def-724x1024.jpg\" alt=\"\" width=\"724\" height=\"1024\" srcset=\"https:\/\/www.klubluc.sk\/wp-content\/uploads\/2024\/03\/poster_DDS_A2_2024_04_Def-724x1024.jpg 724w, https:\/\/www.klubluc.sk\/wp-content\/uploads\/2024\/03\/poster_DDS_A2_2024_04_Def-212x300.jpg 212w, https:\/\/www.klubluc.sk\/wp-content\/uploads\/2024\/03\/poster_DDS_A2_2024_04_Def-768x1086.jpg 768w, https:\/\/www.klubluc.sk\/wp-content\/uploads\/2024\/03\/poster_DDS_A2_2024_04_Def-1086x1536.jpg 1086w, https:\/\/www.klubluc.sk\/wp-content\/uploads\/2024\/03\/poster_DDS_A2_2024_04_Def-350x495.jpg 350w, https:\/\/www.klubluc.sk\/wp-content\/uploads\/2024\/03\/poster_DDS_A2_2024_04_Def-600x848.jpg 600w, https:\/\/www.klubluc.sk\/wp-content\/uploads\/2024\/03\/poster_DDS_A2_2024_04_Def.jpg 1191w\" sizes=\"(max-width: 724px) 100vw, 724px\" \/>[\/vc_column_text][\/vc_column][vc_column width=&#8221;1\/2&#8243;][vc_column_text uncode_shortcode_id=&#8221;174936&#8243;]<img decoding=\"async\" class=\"alignnone wp-image-8991 size-large\" src=\"https:\/\/www.klubluc.sk\/wp-content\/uploads\/2024\/03\/poster_DDS_A2_2024_02_up_A_web-724x1024.jpg\" alt=\"\" width=\"724\" height=\"1024\" srcset=\"https:\/\/www.klubluc.sk\/wp-content\/uploads\/2024\/03\/poster_DDS_A2_2024_02_up_A_web-724x1024.jpg 724w, https:\/\/www.klubluc.sk\/wp-content\/uploads\/2024\/03\/poster_DDS_A2_2024_02_up_A_web-212x300.jpg 212w, https:\/\/www.klubluc.sk\/wp-content\/uploads\/2024\/03\/poster_DDS_A2_2024_02_up_A_web-768x1086.jpg 768w, https:\/\/www.klubluc.sk\/wp-content\/uploads\/2024\/03\/poster_DDS_A2_2024_02_up_A_web-1086x1536.jpg 1086w, https:\/\/www.klubluc.sk\/wp-content\/uploads\/2024\/03\/poster_DDS_A2_2024_02_up_A_web-350x495.jpg 350w, https:\/\/www.klubluc.sk\/wp-content\/uploads\/2024\/03\/poster_DDS_A2_2024_02_up_A_web-600x848.jpg 600w, https:\/\/www.klubluc.sk\/wp-content\/uploads\/2024\/03\/poster_DDS_A2_2024_02_up_A_web.jpg 1191w\" sizes=\"(max-width: 724px) 100vw, 724px\" \/>[\/vc_column_text][\/vc_column][\/vc_row][vc_row][vc_column width=&#8221;1\/2&#8243;][vc_column_text uncode_shortcode_id=&#8221;970251&#8243;]<img decoding=\"async\" class=\"alignnone wp-image-8987 size-large\" src=\"https:\/\/www.klubluc.sk\/wp-content\/uploads\/2024\/03\/poster_DDS_A2_2023_10-724x1024.jpg\" alt=\"\" width=\"724\" height=\"1024\" srcset=\"https:\/\/www.klubluc.sk\/wp-content\/uploads\/2024\/03\/poster_DDS_A2_2023_10-724x1024.jpg 724w, https:\/\/www.klubluc.sk\/wp-content\/uploads\/2024\/03\/poster_DDS_A2_2023_10-212x300.jpg 212w, https:\/\/www.klubluc.sk\/wp-content\/uploads\/2024\/03\/poster_DDS_A2_2023_10-768x1086.jpg 768w, https:\/\/www.klubluc.sk\/wp-content\/uploads\/2024\/03\/poster_DDS_A2_2023_10-1086x1536.jpg 1086w, https:\/\/www.klubluc.sk\/wp-content\/uploads\/2024\/03\/poster_DDS_A2_2023_10-350x495.jpg 350w, https:\/\/www.klubluc.sk\/wp-content\/uploads\/2024\/03\/poster_DDS_A2_2023_10-600x848.jpg 600w, https:\/\/www.klubluc.sk\/wp-content\/uploads\/2024\/03\/poster_DDS_A2_2023_10.jpg 1191w\" sizes=\"(max-width: 724px) 100vw, 724px\" \/>[\/vc_column_text][\/vc_column][vc_column width=&#8221;1\/2&#8243;][vc_column_text uncode_shortcode_id=&#8221;201018&#8243;]<img decoding=\"async\" class=\"alignnone wp-image-8985 size-large\" src=\"https:\/\/www.klubluc.sk\/wp-content\/uploads\/2024\/03\/poster_DDS_A2_2023_06-724x1024.jpg\" alt=\"\" width=\"724\" height=\"1024\" srcset=\"https:\/\/www.klubluc.sk\/wp-content\/uploads\/2024\/03\/poster_DDS_A2_2023_06-724x1024.jpg 724w, https:\/\/www.klubluc.sk\/wp-content\/uploads\/2024\/03\/poster_DDS_A2_2023_06-212x300.jpg 212w, https:\/\/www.klubluc.sk\/wp-content\/uploads\/2024\/03\/poster_DDS_A2_2023_06-768x1086.jpg 768w, https:\/\/www.klubluc.sk\/wp-content\/uploads\/2024\/03\/poster_DDS_A2_2023_06-1086x1536.jpg 1086w, https:\/\/www.klubluc.sk\/wp-content\/uploads\/2024\/03\/poster_DDS_A2_2023_06-350x495.jpg 350w, https:\/\/www.klubluc.sk\/wp-content\/uploads\/2024\/03\/poster_DDS_A2_2023_06-600x848.jpg 600w, https:\/\/www.klubluc.sk\/wp-content\/uploads\/2024\/03\/poster_DDS_A2_2023_06.jpg 1191w\" sizes=\"(max-width: 724px) 100vw, 724px\" \/>[\/vc_column_text][\/vc_column][\/vc_row][vc_row][vc_column width=&#8221;1\/2&#8243;][vc_column_text uncode_shortcode_id=&#8221;124621&#8243;]<img decoding=\"async\" class=\"alignnone wp-image-8983 size-full\" src=\"https:\/\/www.klubluc.sk\/wp-content\/uploads\/2024\/03\/poster_DDS_A2_2023_05.jpg\" alt=\"\" width=\"1191\" height=\"1684\" srcset=\"https:\/\/www.klubluc.sk\/wp-content\/uploads\/2024\/03\/poster_DDS_A2_2023_05.jpg 1191w, https:\/\/www.klubluc.sk\/wp-content\/uploads\/2024\/03\/poster_DDS_A2_2023_05-212x300.jpg 212w, https:\/\/www.klubluc.sk\/wp-content\/uploads\/2024\/03\/poster_DDS_A2_2023_05-724x1024.jpg 724w, https:\/\/www.klubluc.sk\/wp-content\/uploads\/2024\/03\/poster_DDS_A2_2023_05-768x1086.jpg 768w, https:\/\/www.klubluc.sk\/wp-content\/uploads\/2024\/03\/poster_DDS_A2_2023_05-1086x1536.jpg 1086w, https:\/\/www.klubluc.sk\/wp-content\/uploads\/2024\/03\/poster_DDS_A2_2023_05-350x495.jpg 350w, https:\/\/www.klubluc.sk\/wp-content\/uploads\/2024\/03\/poster_DDS_A2_2023_05-600x848.jpg 600w\" sizes=\"(max-width: 1191px) 100vw, 1191px\" \/>[\/vc_column_text][\/vc_column][vc_column width=&#8221;1\/2&#8243;][vc_column_text uncode_shortcode_id=&#8221;628574&#8243;]<img decoding=\"async\" class=\"alignnone wp-image-8248 size-full\" src=\"https:\/\/www.klubluc.sk\/wp-content\/uploads\/2023\/03\/poster_DDS_A2_2023_04_web.jpg\" alt=\"\" width=\"1191\" height=\"1684\" srcset=\"https:\/\/www.klubluc.sk\/wp-content\/uploads\/2023\/03\/poster_DDS_A2_2023_04_web.jpg 1191w, https:\/\/www.klubluc.sk\/wp-content\/uploads\/2023\/03\/poster_DDS_A2_2023_04_web-600x848.jpg 600w, https:\/\/www.klubluc.sk\/wp-content\/uploads\/2023\/03\/poster_DDS_A2_2023_04_web-212x300.jpg 212w, https:\/\/www.klubluc.sk\/wp-content\/uploads\/2023\/03\/poster_DDS_A2_2023_04_web-724x1024.jpg 724w, https:\/\/www.klubluc.sk\/wp-content\/uploads\/2023\/03\/poster_DDS_A2_2023_04_web-768x1086.jpg 768w, https:\/\/www.klubluc.sk\/wp-content\/uploads\/2023\/03\/poster_DDS_A2_2023_04_web-1086x1536.jpg 1086w, https:\/\/www.klubluc.sk\/wp-content\/uploads\/2023\/03\/poster_DDS_A2_2023_04_web-350x495.jpg 350w\" sizes=\"(max-width: 1191px) 100vw, 1191px\" \/>[\/vc_column_text][\/vc_column][\/vc_row][vc_row][vc_column width=&#8221;1\/2&#8243;][vc_column_text uncode_shortcode_id=&#8221;107219&#8243;]<img decoding=\"async\" class=\"alignnone wp-image-8215 size-full\" src=\"https:\/\/www.klubluc.sk\/wp-content\/uploads\/2023\/03\/poster_DDS_A2_2023_03_def.jpg\" alt=\"\" width=\"1191\" height=\"1684\" srcset=\"https:\/\/www.klubluc.sk\/wp-content\/uploads\/2023\/03\/poster_DDS_A2_2023_03_def.jpg 1191w, https:\/\/www.klubluc.sk\/wp-content\/uploads\/2023\/03\/poster_DDS_A2_2023_03_def-600x848.jpg 600w, https:\/\/www.klubluc.sk\/wp-content\/uploads\/2023\/03\/poster_DDS_A2_2023_03_def-212x300.jpg 212w, https:\/\/www.klubluc.sk\/wp-content\/uploads\/2023\/03\/poster_DDS_A2_2023_03_def-724x1024.jpg 724w, https:\/\/www.klubluc.sk\/wp-content\/uploads\/2023\/03\/poster_DDS_A2_2023_03_def-768x1086.jpg 768w, https:\/\/www.klubluc.sk\/wp-content\/uploads\/2023\/03\/poster_DDS_A2_2023_03_def-1086x1536.jpg 1086w, https:\/\/www.klubluc.sk\/wp-content\/uploads\/2023\/03\/poster_DDS_A2_2023_03_def-350x495.jpg 350w\" sizes=\"(max-width: 1191px) 100vw, 1191px\" \/>[\/vc_column_text][\/vc_column][vc_column width=&#8221;1\/2&#8243;][vc_column_text uncode_shortcode_id=&#8221;111980&#8243;]<img decoding=\"async\" class=\"alignnone wp-image-8122 size-full\" src=\"https:\/\/www.klubluc.sk\/wp-content\/uploads\/2023\/02\/poster_DSS_A2_2023_02_web.jpg\" alt=\"\" width=\"1191\" height=\"1684\" srcset=\"https:\/\/www.klubluc.sk\/wp-content\/uploads\/2023\/02\/poster_DSS_A2_2023_02_web.jpg 1191w, https:\/\/www.klubluc.sk\/wp-content\/uploads\/2023\/02\/poster_DSS_A2_2023_02_web-600x848.jpg 600w, https:\/\/www.klubluc.sk\/wp-content\/uploads\/2023\/02\/poster_DSS_A2_2023_02_web-212x300.jpg 212w, https:\/\/www.klubluc.sk\/wp-content\/uploads\/2023\/02\/poster_DSS_A2_2023_02_web-724x1024.jpg 724w, https:\/\/www.klubluc.sk\/wp-content\/uploads\/2023\/02\/poster_DSS_A2_2023_02_web-768x1086.jpg 768w, https:\/\/www.klubluc.sk\/wp-content\/uploads\/2023\/02\/poster_DSS_A2_2023_02_web-1086x1536.jpg 1086w, https:\/\/www.klubluc.sk\/wp-content\/uploads\/2023\/02\/poster_DSS_A2_2023_02_web-350x495.jpg 350w\" sizes=\"(max-width: 1191px) 100vw, 1191px\" \/>[\/vc_column_text][\/vc_column][\/vc_row]<\/p>\n<\/div>","protected":false},"excerpt":{"rendered":"<p>[vc_row][vc_column width=&#8221;1\/1&#8243;][vc_column_text uncode_shortcode_id=&#8221;123623&#8243;]Theatre &gt; Dru\u017eba Drama Studio[\/vc_column_text][\/vc_column][\/vc_row][vc_row][vc_column width=&#8221;1\/3&#8243;][vc_column_text uncode_shortcode_id=&#8221;109139&#8243;][\/vc_column_text][\/vc_column][vc_column width=&#8221;2\/3&#8243;][vc_column_text uncode_shortcode_id=&#8221;124548&#8243;]Dru\u017eba Drama Studio is a space for live art, presenting [&hellip;]<\/p>\n","protected":false},"author":3,"featured_media":0,"parent":11058,"menu_order":0,"comment_status":"closed","ping_status":"closed","template":"","meta":{"_acf_changed":false,"footnotes":""},"class_list":["post-11128","page","type-page","status-publish","hentry"],"acf":[],"_links":{"self":[{"href":"https:\/\/www.klubluc.sk\/en\/wp-json\/wp\/v2\/pages\/11128","targetHints":{"allow":["GET"]}}],"collection":[{"href":"https:\/\/www.klubluc.sk\/en\/wp-json\/wp\/v2\/pages"}],"about":[{"href":"https:\/\/www.klubluc.sk\/en\/wp-json\/wp\/v2\/types\/page"}],"author":[{"embeddable":true,"href":"https:\/\/www.klubluc.sk\/en\/wp-json\/wp\/v2\/users\/3"}],"replies":[{"embeddable":true,"href":"https:\/\/www.klubluc.sk\/en\/wp-json\/wp\/v2\/comments?post=11128"}],"version-history":[{"count":2,"href":"https:\/\/www.klubluc.sk\/en\/wp-json\/wp\/v2\/pages\/11128\/revisions"}],"predecessor-version":[{"id":11132,"href":"https:\/\/www.klubluc.sk\/en\/wp-json\/wp\/v2\/pages\/11128\/revisions\/11132"}],"up":[{"embeddable":true,"href":"https:\/\/www.klubluc.sk\/en\/wp-json\/wp\/v2\/pages\/11058"}],"wp:attachment":[{"href":"https:\/\/www.klubluc.sk\/en\/wp-json\/wp\/v2\/media?parent=11128"}],"curies":[{"name":"wp","href":"https:\/\/api.w.org\/{rel}","templated":true}]}}