{"id":11101,"date":"2021-08-12T17:43:41","date_gmt":"2021-08-12T15:43:41","guid":{"rendered":"https:\/\/www.klubluc.sk\/the-first-chamber-theatre-scene\/"},"modified":"2025-06-02T22:53:12","modified_gmt":"2025-06-02T20:53:12","slug":"the-first-chamber-theatre-scene","status":"publish","type":"page","link":"https:\/\/www.klubluc.sk\/en\/the-first-chamber-theatre-scene\/","title":{"rendered":"The first chamber theatre scene"},"content":{"rendered":"<div class=\"wpb-content-wrapper\"><p>[vc_row][vc_column width=&#8221;1\/1&#8243;][vc_column_text uncode_shortcode_id=&#8221;585054&#8243;]<strong><a href=\"https:\/\/www.klubluc.sk\/en\/\">The Beam Club<\/a><\/strong> &gt;<strong><a href=\"https:\/\/www.klubluc.sk\/en\/club-beam\/history\/\">History<\/a><\/strong> &gt; PKDS[\/vc_column_text][\/vc_column][\/vc_row][vc_row][vc_column width=&#8221;1\/4&#8243;][vc_column_text]<img decoding=\"async\" class=\"alignnone wp-image-6412 size-medium\" src=\"https:\/\/zije.klubluc.sk\/wp-content\/uploads\/2021\/08\/logo_PKDS_TN_color_web-234x300.png\" alt=\"\" width=\"234\" height=\"300\" srcset=\"https:\/\/www.klubluc.sk\/wp-content\/uploads\/2021\/08\/logo_PKDS_TN_color_web-234x300.png 234w, https:\/\/www.klubluc.sk\/wp-content\/uploads\/2021\/08\/logo_PKDS_TN_color_web.png 250w\" sizes=\"(max-width: 234px) 100vw, 234px\" \/>[\/vc_column_text][\/vc_column][vc_column width=&#8221;3\/4&#8243;][vc_column_text uncode_shortcode_id=&#8221;867218&#8243;]In <strong>2013<\/strong>, during the summer holidays, we reconstructed the premises of the L\u00fa\u010d Club to make it as versatile as possible for all types of productions, but especially for the needs of the performing arts and <strong>on 14.9.2013<\/strong> we established the <strong>First Chamber Theatre Scene in Tren\u010d\u00edn (PKDS)<\/strong>. From <strong>our own resources<\/strong> and with the help of<strong> a public collection<\/strong>, we managed to build the first professionally equipped blackbox theatre space in Tren\u010d\u00edn. PKDS in Tren\u010d\u00edn was also the home stage of the Dogma Theatre (formerly the Koloma\u017e Theatre) and provided a space for the performance of domestic and foreign theatre ensembles. In the premises of PKDS in 2013-2015 we also participated in the pan-European project NIGHT OF THEATRES. In 2015, as part of the Night of Theatres, we organized a two-day event celebrating 20. anniversary of the Koloma\u017e Theatre, which mapped the history of the oldest active theatre association in the territory of the City of Tren\u010d\u00edn. After having to move out of the premises of the L\u00fa\u010d Club due to the complex reconstruction of the Hviezda cinema, PKDS defacto ceased to exist. We believe it will find its place in the planned Container Theatre.<\/p>\n<p><a href=\"https:\/\/zije.klubluc.sk\/wp-content\/uploads\/2021\/08\/ZOZNAM-DARCOV_DEF.pdf\" target=\"_blank\" rel=\"noopener\">List of donors of the 2013 public collection<\/a>[\/vc_column_text][\/vc_column][\/vc_row][vc_row][vc_column width=&#8221;1\/1&#8243;][vc_column_text]Club L\u00fa\u010d before and after reconstruction in 2013<\/p>\n<p><img decoding=\"async\" class=\"alignnone wp-image-6428\" src=\"https:\/\/zije.klubluc.sk\/wp-content\/uploads\/2021\/08\/porovnanie2_web.jpg\" alt=\"\" width=\"1200\" height=\"450\" srcset=\"https:\/\/www.klubluc.sk\/wp-content\/uploads\/2021\/08\/porovnanie2_web.jpg 800w, https:\/\/www.klubluc.sk\/wp-content\/uploads\/2021\/08\/porovnanie2_web-600x225.jpg 600w, https:\/\/www.klubluc.sk\/wp-content\/uploads\/2021\/08\/porovnanie2_web-300x113.jpg 300w, https:\/\/www.klubluc.sk\/wp-content\/uploads\/2021\/08\/porovnanie2_web-768x288.jpg 768w\" sizes=\"(max-width: 1200px) 100vw, 1200px\" \/>[\/vc_column_text][\/vc_column][\/vc_row][vc_row][vc_column width=&#8221;1\/2&#8243;][vc_column_text]<img decoding=\"async\" class=\"alignnone wp-image-6413 size-full\" src=\"https:\/\/zije.klubluc.sk\/wp-content\/uploads\/2021\/08\/PKDS_001.jpg\" alt=\"\" width=\"960\" height=\"640\" srcset=\"https:\/\/www.klubluc.sk\/wp-content\/uploads\/2021\/08\/PKDS_001.jpg 960w, https:\/\/www.klubluc.sk\/wp-content\/uploads\/2021\/08\/PKDS_001-600x400.jpg 600w, https:\/\/www.klubluc.sk\/wp-content\/uploads\/2021\/08\/PKDS_001-300x200.jpg 300w, https:\/\/www.klubluc.sk\/wp-content\/uploads\/2021\/08\/PKDS_001-768x512.jpg 768w, https:\/\/www.klubluc.sk\/wp-content\/uploads\/2021\/08\/PKDS_001-391x260.jpg 391w\" sizes=\"(max-width: 960px) 100vw, 960px\" \/>[\/vc_column_text][\/vc_column][vc_column width=&#8221;1\/2&#8243;][vc_column_text]<img decoding=\"async\" class=\"alignnone wp-image-6415 size-full\" src=\"https:\/\/zije.klubluc.sk\/wp-content\/uploads\/2021\/08\/PKDS_003.jpg\" alt=\"\" width=\"960\" height=\"640\" srcset=\"https:\/\/www.klubluc.sk\/wp-content\/uploads\/2021\/08\/PKDS_003.jpg 960w, https:\/\/www.klubluc.sk\/wp-content\/uploads\/2021\/08\/PKDS_003-600x400.jpg 600w, https:\/\/www.klubluc.sk\/wp-content\/uploads\/2021\/08\/PKDS_003-300x200.jpg 300w, https:\/\/www.klubluc.sk\/wp-content\/uploads\/2021\/08\/PKDS_003-768x512.jpg 768w, https:\/\/www.klubluc.sk\/wp-content\/uploads\/2021\/08\/PKDS_003-391x260.jpg 391w\" sizes=\"(max-width: 960px) 100vw, 960px\" \/>[\/vc_column_text][\/vc_column][\/vc_row][vc_row][vc_column width=&#8221;1\/1&#8243;][vc_column_text uncode_shortcode_id=&#8221;165977&#8243;]<img decoding=\"async\" class=\"alignnone wp-image-6559 size-large\" src=\"https:\/\/www.klubluc.sk\/wp-content\/uploads\/2021\/08\/otvorenie_PKDS_web_05-683x1024.jpg\" alt=\"\" width=\"683\" height=\"1024\" srcset=\"https:\/\/www.klubluc.sk\/wp-content\/uploads\/2021\/08\/otvorenie_PKDS_web_05-683x1024.jpg 683w, https:\/\/www.klubluc.sk\/wp-content\/uploads\/2021\/08\/otvorenie_PKDS_web_05-600x900.jpg 600w, https:\/\/www.klubluc.sk\/wp-content\/uploads\/2021\/08\/otvorenie_PKDS_web_05-200x300.jpg 200w, https:\/\/www.klubluc.sk\/wp-content\/uploads\/2021\/08\/otvorenie_PKDS_web_05-768x1152.jpg 768w, https:\/\/www.klubluc.sk\/wp-content\/uploads\/2021\/08\/otvorenie_PKDS_web_05.jpg 800w\" sizes=\"(max-width: 683px) 100vw, 683px\" \/>[\/vc_column_text][\/vc_column][\/vc_row][vc_row][vc_column width=&#8221;1\/2&#8243;][vc_column_text uncode_shortcode_id=&#8221;117523&#8243;]<img decoding=\"async\" class=\"alignnone wp-image-6558 size-large\" src=\"https:\/\/www.klubluc.sk\/wp-content\/uploads\/2021\/08\/otvorenie_PKDS_web_04-1024x683.jpg\" alt=\"\" width=\"840\" height=\"560\" srcset=\"https:\/\/www.klubluc.sk\/wp-content\/uploads\/2021\/08\/otvorenie_PKDS_web_04-1024x683.jpg 1024w, https:\/\/www.klubluc.sk\/wp-content\/uploads\/2021\/08\/otvorenie_PKDS_web_04-600x400.jpg 600w, https:\/\/www.klubluc.sk\/wp-content\/uploads\/2021\/08\/otvorenie_PKDS_web_04-300x200.jpg 300w, https:\/\/www.klubluc.sk\/wp-content\/uploads\/2021\/08\/otvorenie_PKDS_web_04-768x512.jpg 768w, https:\/\/www.klubluc.sk\/wp-content\/uploads\/2021\/08\/otvorenie_PKDS_web_04-391x260.jpg 391w, https:\/\/www.klubluc.sk\/wp-content\/uploads\/2021\/08\/otvorenie_PKDS_web_04.jpg 1200w\" sizes=\"(max-width: 840px) 100vw, 840px\" \/>[\/vc_column_text][\/vc_column][vc_column width=&#8221;1\/2&#8243;][vc_column_text uncode_shortcode_id=&#8221;171814&#8243;]<img decoding=\"async\" class=\"alignnone wp-image-6557 size-large\" src=\"https:\/\/www.klubluc.sk\/wp-content\/uploads\/2021\/08\/otvorenie_PKDS_web_03-1024x683.jpg\" alt=\"\" width=\"840\" height=\"560\" srcset=\"https:\/\/www.klubluc.sk\/wp-content\/uploads\/2021\/08\/otvorenie_PKDS_web_03-1024x683.jpg 1024w, https:\/\/www.klubluc.sk\/wp-content\/uploads\/2021\/08\/otvorenie_PKDS_web_03-600x400.jpg 600w, https:\/\/www.klubluc.sk\/wp-content\/uploads\/2021\/08\/otvorenie_PKDS_web_03-300x200.jpg 300w, https:\/\/www.klubluc.sk\/wp-content\/uploads\/2021\/08\/otvorenie_PKDS_web_03-768x512.jpg 768w, https:\/\/www.klubluc.sk\/wp-content\/uploads\/2021\/08\/otvorenie_PKDS_web_03-391x260.jpg 391w, https:\/\/www.klubluc.sk\/wp-content\/uploads\/2021\/08\/otvorenie_PKDS_web_03.jpg 1200w\" sizes=\"(max-width: 840px) 100vw, 840px\" \/>[\/vc_column_text][\/vc_column][\/vc_row][vc_row][vc_column width=&#8221;1\/2&#8243;][vc_column_text uncode_shortcode_id=&#8221;113449&#8243;]<img decoding=\"async\" class=\"alignnone wp-image-6555 size-large\" src=\"https:\/\/www.klubluc.sk\/wp-content\/uploads\/2021\/08\/otvorenie_PKDS_web_01-1024x683.jpg\" alt=\"\" width=\"840\" height=\"560\" srcset=\"https:\/\/www.klubluc.sk\/wp-content\/uploads\/2021\/08\/otvorenie_PKDS_web_01-1024x683.jpg 1024w, https:\/\/www.klubluc.sk\/wp-content\/uploads\/2021\/08\/otvorenie_PKDS_web_01-600x400.jpg 600w, https:\/\/www.klubluc.sk\/wp-content\/uploads\/2021\/08\/otvorenie_PKDS_web_01-300x200.jpg 300w, https:\/\/www.klubluc.sk\/wp-content\/uploads\/2021\/08\/otvorenie_PKDS_web_01-768x512.jpg 768w, https:\/\/www.klubluc.sk\/wp-content\/uploads\/2021\/08\/otvorenie_PKDS_web_01-391x260.jpg 391w, https:\/\/www.klubluc.sk\/wp-content\/uploads\/2021\/08\/otvorenie_PKDS_web_01.jpg 1200w\" sizes=\"(max-width: 840px) 100vw, 840px\" \/>[\/vc_column_text][\/vc_column][vc_column width=&#8221;1\/2&#8243;][vc_column_text uncode_shortcode_id=&#8221;743346&#8243;]<img decoding=\"async\" class=\"alignnone wp-image-6556 size-large\" src=\"https:\/\/www.klubluc.sk\/wp-content\/uploads\/2021\/08\/otvorenie_PKDS_web_02-1024x683.jpg\" alt=\"\" width=\"840\" height=\"560\" srcset=\"https:\/\/www.klubluc.sk\/wp-content\/uploads\/2021\/08\/otvorenie_PKDS_web_02-1024x683.jpg 1024w, https:\/\/www.klubluc.sk\/wp-content\/uploads\/2021\/08\/otvorenie_PKDS_web_02-600x400.jpg 600w, https:\/\/www.klubluc.sk\/wp-content\/uploads\/2021\/08\/otvorenie_PKDS_web_02-300x200.jpg 300w, https:\/\/www.klubluc.sk\/wp-content\/uploads\/2021\/08\/otvorenie_PKDS_web_02-768x512.jpg 768w, https:\/\/www.klubluc.sk\/wp-content\/uploads\/2021\/08\/otvorenie_PKDS_web_02-391x260.jpg 391w, https:\/\/www.klubluc.sk\/wp-content\/uploads\/2021\/08\/otvorenie_PKDS_web_02.jpg 1200w\" sizes=\"(max-width: 840px) 100vw, 840px\" \/>[\/vc_column_text][\/vc_column][\/vc_row]<\/p>\n<\/div>","protected":false},"excerpt":{"rendered":"<p>[vc_row][vc_column width=&#8221;1\/1&#8243;][vc_column_text uncode_shortcode_id=&#8221;585054&#8243;]The Beam Club &gt;History &gt; PKDS[\/vc_column_text][\/vc_column][\/vc_row][vc_row][vc_column width=&#8221;1\/4&#8243;][vc_column_text][\/vc_column_text][\/vc_column][vc_column width=&#8221;3\/4&#8243;][vc_column_text uncode_shortcode_id=&#8221;867218&#8243;]In 2013, during the summer holidays, we reconstructed the premises [&hellip;]<\/p>\n","protected":false},"author":3,"featured_media":0,"parent":0,"menu_order":0,"comment_status":"closed","ping_status":"closed","template":"","meta":{"_acf_changed":false,"footnotes":""},"class_list":["post-11101","page","type-page","status-publish","hentry"],"acf":[],"_links":{"self":[{"href":"https:\/\/www.klubluc.sk\/en\/wp-json\/wp\/v2\/pages\/11101","targetHints":{"allow":["GET"]}}],"collection":[{"href":"https:\/\/www.klubluc.sk\/en\/wp-json\/wp\/v2\/pages"}],"about":[{"href":"https:\/\/www.klubluc.sk\/en\/wp-json\/wp\/v2\/types\/page"}],"author":[{"embeddable":true,"href":"https:\/\/www.klubluc.sk\/en\/wp-json\/wp\/v2\/users\/3"}],"replies":[{"embeddable":true,"href":"https:\/\/www.klubluc.sk\/en\/wp-json\/wp\/v2\/comments?post=11101"}],"version-history":[{"count":2,"href":"https:\/\/www.klubluc.sk\/en\/wp-json\/wp\/v2\/pages\/11101\/revisions"}],"predecessor-version":[{"id":11105,"href":"https:\/\/www.klubluc.sk\/en\/wp-json\/wp\/v2\/pages\/11101\/revisions\/11105"}],"wp:attachment":[{"href":"https:\/\/www.klubluc.sk\/en\/wp-json\/wp\/v2\/media?parent=11101"}],"curies":[{"name":"wp","href":"https:\/\/api.w.org\/{rel}","templated":true}]}}