{"id":11079,"date":"2021-08-02T22:33:19","date_gmt":"2021-08-02T20:33:19","guid":{"rendered":"https:\/\/www.klubluc.sk\/club-beam\/"},"modified":"2025-06-03T07:26:30","modified_gmt":"2025-06-03T05:26:30","slug":"club-beam","status":"publish","type":"page","link":"https:\/\/www.klubluc.sk\/en\/club-beam\/","title":{"rendered":"Klub L\u00fa\u010d"},"content":{"rendered":"<div class=\"wpb-content-wrapper\"><p>[vc_row][vc_column width=&#8221;1\/4&#8243;][vc_column_text uncode_shortcode_id=&#8221;782131&#8243;]<img decoding=\"async\" class=\"alignnone wp-image-9076 size-full\" src=\"https:\/\/www.klubluc.sk\/wp-content\/uploads\/2024\/03\/logo-novy-LUC-2023.png\" alt=\"\" width=\"636\" height=\"264\" srcset=\"https:\/\/www.klubluc.sk\/wp-content\/uploads\/2024\/03\/logo-novy-LUC-2023.png 636w, https:\/\/www.klubluc.sk\/wp-content\/uploads\/2024\/03\/logo-novy-LUC-2023-300x125.png 300w, https:\/\/www.klubluc.sk\/wp-content\/uploads\/2024\/03\/logo-novy-LUC-2023-350x145.png 350w, https:\/\/www.klubluc.sk\/wp-content\/uploads\/2024\/03\/logo-novy-LUC-2023-600x249.png 600w\" sizes=\"(max-width: 636px) 100vw, 636px\" \/>[\/vc_column_text][vc_column_text uncode_shortcode_id=&#8221;115704&#8243;]logo 2005 &#8211; 2023<\/p>\n<p><img decoding=\"async\" class=\"alignnone wp-image-9087 size-full\" src=\"https:\/\/www.klubluc.sk\/wp-content\/uploads\/2024\/03\/klub_luc_logo_aktual.jpg\" alt=\"\" width=\"946\" height=\"450\" srcset=\"https:\/\/www.klubluc.sk\/wp-content\/uploads\/2024\/03\/klub_luc_logo_aktual.jpg 946w, https:\/\/www.klubluc.sk\/wp-content\/uploads\/2024\/03\/klub_luc_logo_aktual-300x143.jpg 300w, https:\/\/www.klubluc.sk\/wp-content\/uploads\/2024\/03\/klub_luc_logo_aktual-768x365.jpg 768w, https:\/\/www.klubluc.sk\/wp-content\/uploads\/2024\/03\/klub_luc_logo_aktual-350x166.jpg 350w, https:\/\/www.klubluc.sk\/wp-content\/uploads\/2024\/03\/klub_luc_logo_aktual-600x285.jpg 600w\" sizes=\"(max-width: 946px) 100vw, 946px\" \/>[\/vc_column_text][\/vc_column][vc_column width=&#8221;3\/4&#8243;][vc_column_text uncode_shortcode_id=&#8221;125214&#8243;]<strong>The Klub L\u00fa\u010d <\/strong>was founded in the town of Tren\u010d\u00edn in the building of the Hviezda cinema on Knie\u017ea Pribinu Street at the beginning of the 1970s (1973) and is the third oldest club in Slovakia.<\/p>\n<p>Under the leadership of the Koloma\u017e civic association, it has been operating on this site since 2005 under the newer name of <strong>klub L\u00fa\u010d &#8211; Open Cultural Space<\/strong>. At the end of 2020, due to the complex reconstruction of the building of the Hviezda cinema, the Klub L\u00fa\u010d was forced to temporarily operate in the premises of the V\u00e1\u017eka Gallery on Mierovo Square in Tren\u010d\u00edn with the promise of returning to its original premises. As this return did not take place, after 50 years the Klub L\u00fa\u010d moved to new premises and from October 2023 found its home in the former House of Shoes at 17 Mierovo namesti Street in Tren\u010d\u00edn.<\/p>\n<p>The Klub L\u00fa\u010d is the only space of its kind in the Tren\u010d\u00edn region, providing the public with the services of organizing and creating multi-genre cultural events focused on contemporary art and culture. Koloma\u017e o.z. organizes more than 150 cultural events for the general public every year.[\/vc_column_text][\/vc_column][\/vc_row]<\/p>\n<\/div>","protected":false},"excerpt":{"rendered":"<p>[vc_row][vc_column width=&#8221;1\/4&#8243;][vc_column_text uncode_shortcode_id=&#8221;782131&#8243;][\/vc_column_text][vc_column_text uncode_shortcode_id=&#8221;115704&#8243;]logo 2005 &#8211; 2023 [\/vc_column_text][\/vc_column][vc_column width=&#8221;3\/4&#8243;][vc_column_text uncode_shortcode_id=&#8221;125214&#8243;]The Klub L\u00fa\u010d was founded in the town of Tren\u010d\u00edn in [&hellip;]<\/p>\n","protected":false},"author":3,"featured_media":0,"parent":0,"menu_order":0,"comment_status":"closed","ping_status":"closed","template":"","meta":{"_acf_changed":false,"footnotes":""},"class_list":["post-11079","page","type-page","status-publish","hentry"],"acf":[],"_links":{"self":[{"href":"https:\/\/www.klubluc.sk\/en\/wp-json\/wp\/v2\/pages\/11079","targetHints":{"allow":["GET"]}}],"collection":[{"href":"https:\/\/www.klubluc.sk\/en\/wp-json\/wp\/v2\/pages"}],"about":[{"href":"https:\/\/www.klubluc.sk\/en\/wp-json\/wp\/v2\/types\/page"}],"author":[{"embeddable":true,"href":"https:\/\/www.klubluc.sk\/en\/wp-json\/wp\/v2\/users\/3"}],"replies":[{"embeddable":true,"href":"https:\/\/www.klubluc.sk\/en\/wp-json\/wp\/v2\/comments?post=11079"}],"version-history":[{"count":5,"href":"https:\/\/www.klubluc.sk\/en\/wp-json\/wp\/v2\/pages\/11079\/revisions"}],"predecessor-version":[{"id":11346,"href":"https:\/\/www.klubluc.sk\/en\/wp-json\/wp\/v2\/pages\/11079\/revisions\/11346"}],"wp:attachment":[{"href":"https:\/\/www.klubluc.sk\/en\/wp-json\/wp\/v2\/media?parent=11079"}],"curies":[{"name":"wp","href":"https:\/\/api.w.org\/{rel}","templated":true}]}}