{"id":11072,"date":"2021-07-30T13:35:15","date_gmt":"2021-07-30T11:35:15","guid":{"rendered":"https:\/\/www.klubluc.sk\/theatre\/dogma-theatre\/"},"modified":"2025-06-02T22:53:04","modified_gmt":"2025-06-02T20:53:04","slug":"dogma-theatre","status":"publish","type":"page","link":"https:\/\/www.klubluc.sk\/en\/theatre\/dogma-theatre\/","title":{"rendered":"Dogma Theatre"},"content":{"rendered":"<div class=\"wpb-content-wrapper\"><p>[vc_row][vc_column width=&#8221;1\/1&#8243;][vc_column_text]<strong><a href=\"https:\/\/zije.klubluc.sk\/divadlo\/\">Theatre<\/a><\/strong> &gt; Dogma Theatre[\/vc_column_text][\/vc_column][\/vc_row][vc_row][vc_column width=&#8221;1\/2&#8243;][vc_column_text]<img decoding=\"async\" class=\"alignnone wp-image-6497 size-large\" src=\"https:\/\/zije.klubluc.sk\/wp-content\/uploads\/2021\/08\/kolomaz_subor_1996-1024x683.jpg\" alt=\"\" width=\"840\" height=\"560\" srcset=\"https:\/\/www.klubluc.sk\/wp-content\/uploads\/2021\/08\/kolomaz_subor_1996-1024x683.jpg 1024w, https:\/\/www.klubluc.sk\/wp-content\/uploads\/2021\/08\/kolomaz_subor_1996-600x400.jpg 600w, https:\/\/www.klubluc.sk\/wp-content\/uploads\/2021\/08\/kolomaz_subor_1996-300x200.jpg 300w, https:\/\/www.klubluc.sk\/wp-content\/uploads\/2021\/08\/kolomaz_subor_1996-768x512.jpg 768w, https:\/\/www.klubluc.sk\/wp-content\/uploads\/2021\/08\/kolomaz_subor_1996-391x260.jpg 391w, https:\/\/www.klubluc.sk\/wp-content\/uploads\/2021\/08\/kolomaz_subor_1996.jpg 1200w\" sizes=\"(max-width: 840px) 100vw, 840px\" \/>[\/vc_column_text][\/vc_column][vc_column width=&#8221;1\/2&#8243;][vc_column_text]<img decoding=\"async\" class=\"alignnone wp-image-6498 size-large\" src=\"https:\/\/zije.klubluc.sk\/wp-content\/uploads\/2021\/08\/kolomaz_subor_1996_art-1024x683.jpg\" alt=\"\" width=\"840\" height=\"560\" srcset=\"https:\/\/www.klubluc.sk\/wp-content\/uploads\/2021\/08\/kolomaz_subor_1996_art-1024x683.jpg 1024w, https:\/\/www.klubluc.sk\/wp-content\/uploads\/2021\/08\/kolomaz_subor_1996_art-600x400.jpg 600w, https:\/\/www.klubluc.sk\/wp-content\/uploads\/2021\/08\/kolomaz_subor_1996_art-300x200.jpg 300w, https:\/\/www.klubluc.sk\/wp-content\/uploads\/2021\/08\/kolomaz_subor_1996_art-768x512.jpg 768w, https:\/\/www.klubluc.sk\/wp-content\/uploads\/2021\/08\/kolomaz_subor_1996_art-391x260.jpg 391w, https:\/\/www.klubluc.sk\/wp-content\/uploads\/2021\/08\/kolomaz_subor_1996_art.jpg 1200w\" sizes=\"(max-width: 840px) 100vw, 840px\" \/>[\/vc_column_text][\/vc_column][\/vc_row][vc_row][vc_column width=&#8221;1\/4&#8243;][vc_column_text]<img decoding=\"async\" class=\"alignnone wp-image-6304\" src=\"https:\/\/zije.klubluc.sk\/wp-content\/uploads\/2021\/08\/logo_DogmaDivadlo_web-300x300.jpg\" alt=\"\" width=\"250\" height=\"250\" srcset=\"https:\/\/www.klubluc.sk\/wp-content\/uploads\/2021\/08\/logo_DogmaDivadlo_web-300x300.jpg 300w, https:\/\/www.klubluc.sk\/wp-content\/uploads\/2021\/08\/logo_DogmaDivadlo_web-100x100.jpg 100w, https:\/\/www.klubluc.sk\/wp-content\/uploads\/2021\/08\/logo_DogmaDivadlo_web-150x150.jpg 150w, https:\/\/www.klubluc.sk\/wp-content\/uploads\/2021\/08\/logo_DogmaDivadlo_web.jpg 425w\" sizes=\"(max-width: 250px) 100vw, 250px\" \/>[\/vc_column_text][\/vc_column][vc_column width=&#8221;3\/4&#8243;][vc_column_text uncode_shortcode_id=&#8221;155213&#8243;]Dogma Theatre has been operating under the original name \u201c<strong>Koloma\u017e Theatre<\/strong>\u201d in Tren\u010d\u00edn since 1995 and is the oldest professional independent theatre in the era of independence of the Slovak Republic in the city of Tren\u010d\u00edn. The original Koloma\u017e Theatre was founded in 1995 by Kamil Bystrick\u00fd, Andrej \u010eur\u00edk, Tom\u00e1\u0161 Pl\u00e1nka and J\u00e1n \u0160imko. In the beginning, its members focused mainly on the creation of original and non-verbal productions, later they also dramatized committed literary drama, but they have always been happy to return to original theatre. He often uses new staging methods, new technologies and his favourite choice of themes is current social and political issues. Since 2016, it has continued under the current name \u201cDogma Theatre\u201d. The change of the name as well as the thematic and artistic direction of the theatre stemmed from several factors. Dogmas are currently absent. In a world of multiple truths and interpretations, the existence of dogma is a necessary contradiction and reaction.<\/p>\n<p>Dogma Theatre is an open independent creative platform and works from project to project with new collaborators. Dogma Theatre&#8217;s home stage was first the First Chamber Theatre Stage in Klub L\u00fa\u010d in Tren\u010d\u00edn (2013 &#8211; 2020) and later (due to the complete reconstruction of the building of the Hviezda Cinema and therefore also the premises of Klub L\u00fa\u010d) it shared with Klub L\u00fa\u010d its spare space in the former V\u00e1\u017eka Gallery on Mierovo Square. He is currently working in the newly established <strong><a href=\"https:\/\/www.klubluc.sk\/divadlo\/druzba-drama-studio\/\" target=\"_blank\" rel=\"noopener\">Dru\u017eba Drama Studio<\/a><\/strong> on the first floor of Dru\u017eba OD. Dogma Divadlo has been a guest at many international theatre festivals in the Czech Republic, Germany, Austria, Bulgaria, Belgium, Montenegro, Kosovo, Bosnia and Herzegovina, Albania, as well as in independent cultural centres and theatres in Slovakia.<\/p>\n<p>More information at <a href=\"http:\/\/www.dogmadivadlo.sk\">www.dogmadivadlo.sk<\/a><\/p>\n<p>Activity profile <a href=\"https:\/\/www.klubluc.sk\/wp-content\/uploads\/2024\/01\/profil_dogmadivadlo_2022_final.pdf\" target=\"_blank\" rel=\"noopener\">TU<\/a>[\/vc_column_text][\/vc_column][\/vc_row]<\/p>\n<\/div>","protected":false},"excerpt":{"rendered":"<p>[vc_row][vc_column width=&#8221;1\/1&#8243;][vc_column_text]Theatre &gt; Dogma Theatre[\/vc_column_text][\/vc_column][\/vc_row][vc_row][vc_column width=&#8221;1\/2&#8243;][vc_column_text][\/vc_column_text][\/vc_column][vc_column width=&#8221;1\/2&#8243;][vc_column_text][\/vc_column_text][\/vc_column][\/vc_row][vc_row][vc_column width=&#8221;1\/4&#8243;][vc_column_text][\/vc_column_text][\/vc_column][vc_column width=&#8221;3\/4&#8243;][vc_column_text uncode_shortcode_id=&#8221;155213&#8243;]Dogma Theatre has been operating under the original name \u201cKoloma\u017e Theatre\u201d [&hellip;]<\/p>\n","protected":false},"author":2,"featured_media":0,"parent":11058,"menu_order":0,"comment_status":"closed","ping_status":"closed","template":"","meta":{"_acf_changed":false,"footnotes":""},"class_list":["post-11072","page","type-page","status-publish","hentry"],"acf":[],"_links":{"self":[{"href":"https:\/\/www.klubluc.sk\/en\/wp-json\/wp\/v2\/pages\/11072","targetHints":{"allow":["GET"]}}],"collection":[{"href":"https:\/\/www.klubluc.sk\/en\/wp-json\/wp\/v2\/pages"}],"about":[{"href":"https:\/\/www.klubluc.sk\/en\/wp-json\/wp\/v2\/types\/page"}],"author":[{"embeddable":true,"href":"https:\/\/www.klubluc.sk\/en\/wp-json\/wp\/v2\/users\/2"}],"replies":[{"embeddable":true,"href":"https:\/\/www.klubluc.sk\/en\/wp-json\/wp\/v2\/comments?post=11072"}],"version-history":[{"count":2,"href":"https:\/\/www.klubluc.sk\/en\/wp-json\/wp\/v2\/pages\/11072\/revisions"}],"predecessor-version":[{"id":11076,"href":"https:\/\/www.klubluc.sk\/en\/wp-json\/wp\/v2\/pages\/11072\/revisions\/11076"}],"up":[{"embeddable":true,"href":"https:\/\/www.klubluc.sk\/en\/wp-json\/wp\/v2\/pages\/11058"}],"wp:attachment":[{"href":"https:\/\/www.klubluc.sk\/en\/wp-json\/wp\/v2\/media?parent=11072"}],"curies":[{"name":"wp","href":"https:\/\/api.w.org\/{rel}","templated":true}]}}