{"id":11071,"date":"2021-07-14T16:14:02","date_gmt":"2021-07-14T14:14:02","guid":{"rendered":"https:\/\/www.klubluc.sk\/contact\/"},"modified":"2025-06-03T07:31:20","modified_gmt":"2025-06-03T05:31:20","slug":"contact","status":"publish","type":"page","link":"https:\/\/www.klubluc.sk\/en\/contact\/","title":{"rendered":"Contact"},"content":{"rendered":"<div class=\"wpb-content-wrapper\"><p>[vc_row][vc_column width=&#8221;1\/3&#8243;][vc_custom_heading text_color=&#8221;color-rgdb&#8221; separator=&#8221;yes&#8221; sub_lead=&#8221;yes&#8221; uncode_shortcode_id=&#8221;211263&#8243; text_color_type=&#8221;uncode-palette&#8221; text_color_solid=&#8221;#ff0000&#8243; subheading=&#8221;Independent Cultural Centre<br \/>\nMierov\u00e9 n\u00e1mestie 17<br \/>\n911 01 Tren\u010d\u00edn<br \/>\n(former House of Shoes)&#8221;]Klub L\u00fa\u010d[\/vc_custom_heading][vc_column_text uncode_shortcode_id=&#8221;142293&#8243;]<strong>Director, economics, theatre programme, booking:<\/strong><br \/>\nKamil Bystrick\u00fd<br \/>\ninfo(at)klubluc.sk<br \/>\n+ 421 903 027 910<\/p>\n<p><strong>Music programme, community events, booking, social media:<\/strong><br \/>\nPatrik Richtarech<br \/>\npatrik(at)klubluc.sk<br \/>\n+ 421 949 659 311<\/p>\n<p><strong>Production, lighting and theatre equipment, webadmin, bar operation:<br \/>\n<\/strong>Tom\u00e1\u0161 Pl\u00e1nka<br \/>\ntomas(at)klubluc.sk<br \/>\n+ 421 948 667 265<\/p>\n<p><strong>Sound:<\/strong><br \/>\nMichal Revil\u00e1k<br \/>\nmichal(at)cesnak.org<br \/>\n+ 421 907 576 594<\/p>\n<p>Roman Kramar<br \/>\nroman.kramar(at)hotmail.com<br \/>\n+ 421 905 243 208<\/p>\n<p>&#8211;<\/p>\n<p><strong>Invoicing data:<\/strong><br \/>\nKOLOMA\u017d (association for contemporary art)<br \/>\nM. Turkova 30, 911 01 Tren\u010d\u00edn<br \/>\nID: 36127884<br \/>\nVAT: 202162981[\/vc_column_text][\/vc_column][vc_column width=&#8221;2\/3&#8243;][vc_gmaps latlon=&#8221;48.89526682636853, 18.041631741106606&#8243; size=&#8221;500&#8243; map_color=&#8221;&#8221; ui_color=&#8221;color-393003&#8243; zoom=&#8221;17&#8243; map_saturation=&#8221;0&#8243; map_brightness=&#8221;-5&#8243; mobile_no_drag=&#8221;yes&#8221; uncode_shortcode_id=&#8221;696372&#8243; address=&#8221;Mierov\u00e9 n\u00e1m. 17, (b\u00fdval\u00fd Dom obuvi), 911 01 Tren\u010d\u00edn&#8221; ui_color_type=&#8221;uncode-palette&#8221;][\/vc_column][\/vc_row]<\/p>\n<\/div>","protected":false},"excerpt":{"rendered":"<p>[vc_row][vc_column width=&#8221;1\/3&#8243;][vc_custom_heading text_color=&#8221;color-rgdb&#8221; separator=&#8221;yes&#8221; sub_lead=&#8221;yes&#8221; uncode_shortcode_id=&#8221;211263&#8243; text_color_type=&#8221;uncode-palette&#8221; text_color_solid=&#8221;#ff0000&#8243; subheading=&#8221;Independent Cultural Centre Mierov\u00e9 n\u00e1mestie 17 911 01 Tren\u010d\u00edn (former House of [&hellip;]<\/p>\n","protected":false},"author":3,"featured_media":0,"parent":0,"menu_order":0,"comment_status":"closed","ping_status":"closed","template":"","meta":{"_acf_changed":false,"footnotes":""},"class_list":["post-11071","page","type-page","status-publish","hentry"],"acf":[],"_links":{"self":[{"href":"https:\/\/www.klubluc.sk\/en\/wp-json\/wp\/v2\/pages\/11071","targetHints":{"allow":["GET"]}}],"collection":[{"href":"https:\/\/www.klubluc.sk\/en\/wp-json\/wp\/v2\/pages"}],"about":[{"href":"https:\/\/www.klubluc.sk\/en\/wp-json\/wp\/v2\/types\/page"}],"author":[{"embeddable":true,"href":"https:\/\/www.klubluc.sk\/en\/wp-json\/wp\/v2\/users\/3"}],"replies":[{"embeddable":true,"href":"https:\/\/www.klubluc.sk\/en\/wp-json\/wp\/v2\/comments?post=11071"}],"version-history":[{"count":5,"href":"https:\/\/www.klubluc.sk\/en\/wp-json\/wp\/v2\/pages\/11071\/revisions"}],"predecessor-version":[{"id":11352,"href":"https:\/\/www.klubluc.sk\/en\/wp-json\/wp\/v2\/pages\/11071\/revisions\/11352"}],"wp:attachment":[{"href":"https:\/\/www.klubluc.sk\/en\/wp-json\/wp\/v2\/media?parent=11071"}],"curies":[{"name":"wp","href":"https:\/\/api.w.org\/{rel}","templated":true}]}}